{"id":72,"date":"2022-09-28T15:41:12","date_gmt":"2022-09-28T15:41:12","guid":{"rendered":"https:\/\/diter-sa.com\/?page_id=72"},"modified":"2022-09-29T16:53:06","modified_gmt":"2022-09-29T16:53:06","slug":"aviso-de-privacidad","status":"publish","type":"page","link":"https:\/\/diter-sa.com\/?page_id=72","title":{"rendered":"Aviso de Privacidad"},"content":{"rendered":"\t\t<div data-elementor-type=\"wp-page\" data-elementor-id=\"72\" class=\"elementor elementor-72\">\n\t\t\t\t\t\t\t\t\t<section class=\"elementor-section elementor-top-section elementor-element elementor-element-c888d14 elementor-section-boxed elementor-section-height-default elementor-section-height-default\" data-id=\"c888d14\" data-element_type=\"section\">\n\t\t\t\t\t\t<div class=\"elementor-container elementor-column-gap-default\">\n\t\t\t\t\t<div class=\"elementor-column elementor-col-100 elementor-top-column elementor-element elementor-element-a85292b\" data-id=\"a85292b\" data-element_type=\"column\">\n\t\t\t<div class=\"elementor-widget-wrap elementor-element-populated\">\n\t\t\t\t\t\t\t\t<div class=\"elementor-element elementor-element-ade1ea1 elementor-widget elementor-widget-text-editor\" data-id=\"ade1ea1\" data-element_type=\"widget\" data-widget_type=\"text-editor.default\">\n\t\t\t\t<div class=\"elementor-widget-container\">\n\t\t\t<style>\/*! elementor - v3.7.7 - 20-09-2022 *\/\n.elementor-widget-text-editor.elementor-drop-cap-view-stacked .elementor-drop-cap{background-color:#818a91;color:#fff}.elementor-widget-text-editor.elementor-drop-cap-view-framed .elementor-drop-cap{color:#818a91;border:3px solid;background-color:transparent}.elementor-widget-text-editor:not(.elementor-drop-cap-view-default) .elementor-drop-cap{margin-top:8px}.elementor-widget-text-editor:not(.elementor-drop-cap-view-default) .elementor-drop-cap-letter{width:1em;height:1em}.elementor-widget-text-editor .elementor-drop-cap{float:left;text-align:center;line-height:1;font-size:50px}.elementor-widget-text-editor .elementor-drop-cap-letter{display:inline-block}<\/style>\t\t\t\t<p style=\"text-align: center;\"><strong>AVISO DE PRIVACIDAD<\/strong><\/p>\n<p style=\"text-align: center;\"><strong><br><\/strong><\/p>\n<p style=\"text-align: center;\"><strong><br><\/strong><\/p>\n<p style=\"text-align: center;\"><strong><br><\/strong><\/p>\n<p style=\"text-align: center;\">\n<\/p><p style=\"text-align: center;\">\n<\/p><p style=\"text-align: center;\">\n<\/p><p style=\"text-align: center;\">\n<\/p><p style=\"text-align: center;\">\n<\/p><p>De acuerdo a lo previsto en la \u201cLEY FEDERAL de Protecci\u00f3n de Datos Personales\u201d<\/p>\n<p><br><\/p>\n<p>DINAMICA TERMOPLASTICA SA DE CV declara ser una empresa legalmente constituida de conformidad con las leyes mexicanas, con domicilio ubicado en, TLALOC 46, COL. TLAXPANA, DELEG.MIGUEL HIDALGO, ,C.P. 11370, MEXICO, D.F. as\u00ed como manifestar ser la responsable del tratamiento de sus datos personales.<\/p>\n<p><br><\/p>\n<p>Oficina de privacidad ubicada en: Mismo domicilio.<\/p>\n<p>Tel\u00e9fonos de la oficina de privacidad: 55923258<\/p>\n<p>Correoelectr\u00f3nico: mario_rodriguez@diter-sa.com<\/p><p><br><\/p>\n<p>DEFINICIONES: Datos personales.- Cualquier informaci\u00f3n concerniente a una persona f\u00edsica identificada o identificable.<\/p>\n<p>Titular.- La persona f\u00edsica (TITULAR) a quien identifica o corresponden los datos personales.<\/p>\n<p>Responsable.- Persona f\u00edsica o moral de car\u00e1cter privado que decide sobre el tratamiento de los datos personales.<\/p>\n<p>Tratamiento.- La obtenci\u00f3n, uso (que incluye el acceso, manejo, aprovechamiento, transferencia o disposici\u00f3n de datos personales), divulgaci\u00f3n o almacenamiento de datos personales por cualquier medio.<\/p>\n<p>Transferencia.- Toda comunicaci\u00f3n de datos realizada a persona distinta del responsable o encargado del tratamiento.<\/p>\n<p>Derechos ARCO.- Derechos de acceso, rectificaci\u00f3n, cancelaci\u00f3n y oposici\u00f3n.<\/p>\n<p>Consentimiento T\u00e1cito.- Se entender\u00e1 que el titular ha consentido en el tratamiento de los datos, cuando habi\u00e9ndose puesto a su disposici\u00f3n el Aviso de Privacidad, no manifieste su oposici\u00f3n.<\/p><p><br><\/p>\n<p>FINES DE LA INFORMACI\u00d3N.- Sus datos personales ser\u00e1n utilizados para los siguientes fines: Fines econ\u00f3micos., Fines laborales.<\/p>\n<p>FORMAS DE RECABAR SUS DATOS PERSONALES.- Para las actividades se\u00f1aladas en el presente aviso de privacidad, podemos recabar sus datos personales de distintas formas cuando usted nos los proporciona directamente; cuando visita nuestro sitio de Internet o utiliza nuestros servicios en l\u00ednea, y cuando obtenemos informaci\u00f3n a trav\u00e9s de otras fuentes que est\u00e1n permitidas por la ley.<\/p>\n<p>DATOS PERSONALES QUE SE RECABAN DE FORMA DIRECTA: Recabamos sus datos personales de forma directa cuando usted mismo nos los proporciona por diversos medios. Tales como:<\/p><p><br><\/p>\n<p>*Correo electr\u00f3nico<\/p>\n<p>*Nombre completo<\/p>\n<p>*Genero<\/p>\n<p>*Edad<\/p>\n<p>*Nacionalidad<\/p>\n<p>*Estado civil<\/p>\n<p>*Nombre del c\u00f3nyuge<\/p>\n<p>*Tel\u00e9fono<\/p>\n<p>*Domicilio<\/p>\n<p>*Fecha y lugar de nacimiento<\/p>\n<p>*Educaci\u00f3n<\/p>\n<p>*Hijos<\/p>\n<p>*RFC<\/p>\n<p>*N\u00famero de seguro social<\/p>\n<p>DATOS PERSONALES QUE RECABAMOS CUANDO VISITA NUESTRO SITIO DE INTERNET O UTILIZA NUESTROS SERVICIOS EN LINEA:<\/p>\n<p>No recabamos sus datos personales de esta forma.<\/p>\n<p>DATOS PERSONALES QUE RECABAMOS A TRAV\u00c9S DE OTRAS FUENTES PERMITIDAS POR LA LEY:<\/p>\n<p>*Tales como:<\/p>\n<p>*Nombre completo<\/p>\n<p>*Genero<\/p>\n<p>*Edad<\/p>\n<p>*Nacionalidad<\/p>\n<p>*Estado civil<\/p>\n<p>*Nombre del c\u00f3nyuge<\/p>\n<p>*Tel\u00e9fono<\/p>\n<p>*Domicilio<\/p>\n<p>*Fecha y lugar de nacimiento<\/p>\n<p>*Educaci\u00f3n<\/p>\n<p>*RFC<\/p>\n<p>*N\u00famero de seguro social<\/p>\n<p>*CURP<\/p><p><br><\/p><p><br><\/p>\n<p>USO DE DATOS SENSIBLES.- Se consideran datos sensibles aquellos afecten a la esfera m\u00e1s \u00edntima de su titular, o cuya utilizaci\u00f3n indebida pueda dar origen a discriminaci\u00f3n o conlleve un riesgo grave para \u00e9ste. En el presente aviso de privacidad se omite el uso de datos personales considerados como sensibles.<\/p><p><br><\/p>\n<p>LIMITACI\u00d3N O DIVULGACI\u00d3N DE SUS DATOS PERSONALES.- El responsable de la informaci\u00f3n se compromete a realizar \u00fanicamente las siguientes acciones, respecto a su informaci\u00f3n:<\/p><p><br><\/p>\n<p>Otros: ALTAS PARA EL SEGURO SOCIAL Y NOMINA<\/p>\n<p>PROCEDIMIENTO PARA HACER VALER LOS DERECHOS ARCO.- Usted tiene derecho de acceder a sus datos personales que poseemos y a los detalles del tratamiento de los mismos, as\u00ed como a rectificarlos en caso de ser inexactos o incompletos; cancelarlos cuando considere que no se requieren para alguna de las finalidades se\u00f1alados en el presente aviso de privacidad, est\u00e9n siendo utilizados para finalidades no consentidas o haya finalizado la relaci\u00f3n contractual o de servicio, o bien, oponerse al tratamiento de los mismos para fines espec\u00edficos. Los mecanismos que se han implementado para el ejercicio de dichos derechos, los cuales se conocen como derechos Arco mismos que se refieren a la rectificaci\u00f3n, cancelaci\u00f3n y oposici\u00f3n del Titular respecto al tratamiento de sus datos personales;<\/p>\n<p>1) El procedimiento inicia con la presentaci\u00f3n de la solicitud respectiva a los derechos Arco, en el domicilio de nuestra Oficina de Privacidad, mismo que fue debidamente se\u00f1alado al principio del presente aviso de privacidad.<\/p>\n<p>2) Su solicitud deber\u00e1 contener la siguiente informaci\u00f3n: Nombre del titular de los datos personales., Domicilio o cualquier otro medio de contacto., Documentos que acrediten su personalidad e identidad., La descripci\u00f3n clara y precisa de los datos personales.<\/p>\n<p>3) El plazo para atender su solicitud es el siguiente: 20 d\u00edas .<\/p>\n<p>TRANSMISION DE SUS DATOS PERSONALES.- Sus datos personales no pueden ser transferidos dentro y fuera del pa\u00eds , ni tratados por personas externas a esta empresa.<\/p><p><br><\/p><p><br><\/p>\n<p>Nos comprometemos a no transferir su informaci\u00f3n personal a terceros sin su consentimiento, salvo las excepciones previstas en el art\u00edculo 37 de la Ley Federal de Protecci\u00f3n de Datos Personales en Posesi\u00f3n de los Particulares, as\u00ed como a realizar esta transferencia en los t\u00e9rminos que fija esa ley.<\/p>\n<p>MODIFICACIONES AL AVISO DE PRIVACIDAD.- Nos reservamos el derecho de efectuar en cualquier momento modificaciones o actualizaciones al presente aviso de privacidad, para la atenci\u00f3n de novedades legislativas, pol\u00edticas internas o nuevos requerimientos para la prestaci\u00f3n u ofrecimiento de nuestros servicios o productos.<\/p>\n<p>Por lo que se obliga a mantener actualizado el presente aviso, para su consulta. Esto con el fin de que \u201cEL TITULAR\u201d se encuentre en posibilidad de ejercer sus derechos ARCO y de esta forma mantenerlo al tanto de cualquier modificaci\u00f3n mediante aviso al \u00faltimo correo electr\u00f3nico que nos haya proporcionado.<\/p><p><br><\/p>\n<p>USO DE COOKIES.- En el presente aviso de privacidad se omitir\u00e1 el uso de cookies, para recabar informaci\u00f3n sobres usted.<\/p>\n<p>USO DE WEB BEACONS.- En el presente aviso de privacidad se omitir\u00e1 el uso de web beacons, para recabar informaci\u00f3n sobres usted. Las partes expresan que el presente aviso, se regir\u00e1 por las disposiciones legales aplicables en el Distrito Federalen especial, por lo dispuesto en la Ley Federal de Protecci\u00f3n de Datos Personales. Si usted considera que su derecho de protecci\u00f3n de datos personales ha sido lesionado por alguna conducta de nuestros empleados o de nuestras actuaciones o respuestas, presume que en el tratamiento de sus datos personales existe alguna violaci\u00f3n a las disposiciones previstas en la Ley Federal de Protecci\u00f3n de Datos Personales en Posesi\u00f3n de los Particulares, podr\u00e1 interponer la queja o denuncia correspondiente ante el IFAI. Fecha \u00faltima actualizaci\u00f3n 21 de Mayo del a\u00f1o2013<\/p><p><br><\/p><p><br><\/p><p>============================================================================= AVISO DE PRIVACIDAD SIMPLIFICADO<\/p>\n<p>QUIENES SOMOS: La empresa DINAMICA TERMOPLASTICA SA DE CVes la responsable del tratamiento de sus datos personales con domicilio en, TLALOC 46, COL. TLAXPANA, DELEG.MIGUEL HIDALGO, ,C.P. 11370, MEXICO, D.F.<\/p>\n<p>FINES PARA LOS QUE RECABAMOS Y UTILIZAMOS SUS DATOS:<\/p>\n<p>Fines econ\u00f3micos., Fines laborales.<\/p>\n<p>MAS INFORMACI\u00d3N:<\/p>\n<p>Si usted requiere mas informaci\u00f3n, puede acceder a nuestro aviso de privacidad completo, acudiendo a nuestro domicilio ubicado en, TLALOC 46, COL. TLAXPANA, DELEG. MIGUEL HIDALGO, CP. 11370 MEXICO, D.F. =============================================================================<\/p>\n<p>AVISO DE PRIVACIDAD PARA ESPACIOS REDUCIDOS<\/p>\n<p>La empresa DINAMICA TERMOPLASTICA SA DE CV con domicilio ubicado en, TLALOC 46, COL. TLAXPANA, DELEG.MIGUEL HIDALGO, ,C.P. 11370, MEXICO, D.F. utilizara sus datos personales recabados con los siguientes fines Fines econ\u00f3micos., Fines laborales. para mayor informaci\u00f3n sobre el tratamiento de sus datos personales usted puede acudir al siguiente domicilio, TLALOC 46, COL. TLAXPANA, DELEG. MIGUEL HIDALGO, CP. 11370 MEXICO, D.F.<\/p>\t\t\t\t\t\t<\/div>\n\t\t\t\t<\/div>\n\t\t\t\t\t<\/div>\n\t\t<\/div>\n\t\t\t\t\t\t\t<\/div>\n\t\t<\/section>\n\t\t\t\t\t\t\t<\/div>\n\t\t","protected":false},"excerpt":{"rendered":"<p>AVISO DE PRIVACIDAD De acuerdo a lo previsto en la \u201cLEY FEDERAL de Protecci\u00f3n de Datos Personales\u201d DINAMICA TERMOPLASTICA SA DE CV declara ser una empresa legalmente constituida de conformidad con las leyes mexicanas, con domicilio ubicado en, TLALOC 46, COL. TLAXPANA, DELEG.MIGUEL HIDALGO, ,C.P. 11370, MEXICO, D.F. as\u00ed como manifestar ser la responsable del [&hellip;]<\/p>\n","protected":false},"author":1,"featured_media":0,"parent":0,"menu_order":0,"comment_status":"closed","ping_status":"closed","template":"elementor_header_footer","meta":{"ngg_post_thumbnail":0,"footnotes":""},"class_list":["post-72","page","type-page","status-publish","hentry"],"_links":{"self":[{"href":"https:\/\/diter-sa.com\/index.php?rest_route=\/wp\/v2\/pages\/72","targetHints":{"allow":["GET"]}}],"collection":[{"href":"https:\/\/diter-sa.com\/index.php?rest_route=\/wp\/v2\/pages"}],"about":[{"href":"https:\/\/diter-sa.com\/index.php?rest_route=\/wp\/v2\/types\/page"}],"author":[{"embeddable":true,"href":"https:\/\/diter-sa.com\/index.php?rest_route=\/wp\/v2\/users\/1"}],"replies":[{"embeddable":true,"href":"https:\/\/diter-sa.com\/index.php?rest_route=%2Fwp%2Fv2%2Fcomments&post=72"}],"version-history":[{"count":4,"href":"https:\/\/diter-sa.com\/index.php?rest_route=\/wp\/v2\/pages\/72\/revisions"}],"predecessor-version":[{"id":304,"href":"https:\/\/diter-sa.com\/index.php?rest_route=\/wp\/v2\/pages\/72\/revisions\/304"}],"wp:attachment":[{"href":"https:\/\/diter-sa.com\/index.php?rest_route=%2Fwp%2Fv2%2Fmedia&parent=72"}],"curies":[{"name":"wp","href":"https:\/\/api.w.org\/{rel}","templated":true}]}}